{"id":55,"date":"2016-06-13T15:48:45","date_gmt":"2016-06-13T15:48:45","guid":{"rendered":"http:\/\/sw-themes.com\/porto_dummy\/?page_id=55"},"modified":"2022-12-14T17:00:32","modified_gmt":"2022-12-14T20:00:32","slug":"about-us","status":"publish","type":"page","link":"https:\/\/franciscohwalz.com.ar\/W\/about-us\/","title":{"rendered":"Empresa"},"content":{"rendered":"<p>[vc_row wrap_container=&#8221;yes&#8221; css=&#8221;.vc_custom_1534896586831{padding-top: 30px !important;padding-bottom: 45px !important;}&#8221;][vc_column]<div class=\"porto-u-heading\" data-hspacer=\"no_spacer\" data-halign=\"left\" style=\"text-align:left\"><div class=\"porto-u-main-heading\"><h2 style=\"font-weight:700;color:#252525;font-size:19px;\">QUIENES SOMOS<\/h2><\/div><\/div>[vc_row_inner][vc_column_inner offset=&#8221;vc_col-md-8&#8243;][vc_column_text]<\/p>\n<p style=\"font-weight: 400;\">Bienvenidos a nuestra sede en la web donde ponemos a su disposici\u00f3n nuestro cat\u00e1logo de productos y ofertas. A trav\u00e9s de este medio queremos ofrecerle la posibilidad de conocer nuestra empresa y los productos que ella ofrece. Es nuestro deseo que usted se contacte con nosotros ante cualquier duda o consulta.<\/p>\n<p style=\"font-weight: 400;\">Desde hace m\u00e1s de 80 a\u00f1os la firma Francisco H. Walz S.C.A. est\u00e1 ligada a la educaci\u00f3n argentina y a la ense\u00f1anza de las ciencias. A trav\u00e9s de estos\u00a0 a\u00f1os, el trabajo fecundo de tres generaciones de nuestra familia, permiti\u00f3 proveer productos de calidad para satisfacer las necesidades de una ense\u00f1anza en constante evoluci\u00f3n. Tambi\u00e9n podr\u00e1 visitarnos en\u00a0nuestro sal\u00f3n de exposici\u00f3n y ventas donde contar\u00e1 con el mas amplio asesoramiento.<\/p>\n<p style=\"font-weight: 400;\">Francisco H. Walz S.C.A. un equipo de profesionales avocados a una tarea de fundamental importancia: apoyar y facilitar la educaci\u00f3n de los argentinos.<\/p>\n<p style=\"font-weight: 400;\"><strong>Francisco H. Walz S.C.A.<br \/>\n<\/strong>Administraci\u00f3n y ventas:<br \/>\nFlorencio Varela 168<br \/>\n(1603) Villa Martelli &#8211; VICENTE LOPEZ &#8211;\u00a0 Buenos Aires<br \/>\nTel: (011) 4709-9252 \/ 4838-0869(1603)<br \/>\nWhatsApp\u00a0 (011) 6460-4606<\/p>\n<p>[\/vc_column_text][vc_separator color=&#8221;sky&#8221; border_width=&#8221;2&#8243; el_width=&#8221;90&#8243;][\/vc_column_inner][\/vc_row_inner][vc_column_text]<strong>Precios <\/strong><\/p>\n<p>Los precios del presente cat\u00e1logo incluyen el I.V.A. y son netos por pago al contado. Los precios y especificaciones t\u00e9cnicas pueden variar sin previo aviso. Ofertas v\u00e1lidas hasta agotar stock.<\/p>\n<p><strong>P<\/strong><strong>edidos <\/strong><\/p>\n<p>Los pedidos pueden hacerse por:<\/p>\n<ul>\n<li>Carrito de pedidos de nuestro sitio, con opci\u00f3n a presupuesto o compra<\/li>\n<li>Correo electr\u00f3nico a <a href=\"mailto:franciscowalz@gmail.com\">franciscowalz@gmail.com<\/a> y <a href=\"mailto:franciscowalz2@gmail.com\">franciscowalz2@gmail.com<\/a><\/li>\n<li>Tel\u00e9fono al (011) 4709-9252 \/ 4838-0869<\/li>\n<li>WhatsApp al (011) 6460-4606<\/li>\n<li>Personalmente en nuestro sal\u00f3n de ventas:<br \/>\nFlorencio Varela 168 &#8211; (1603) -Villa Martelli &#8211; VICENTE LOPEZ &#8211;\u00a0 Buenos Aires<br \/>\nHorario: Lunes a Viernes de 8:30 a 17 Hs.<\/li>\n<\/ul>\n<p><strong>Forma de pago <\/strong><\/p>\n<p>Los pedidos deben abonarse por transferencia o contra entrega de la mercader\u00eda, en efectivo o cheque a la orden de Francisco H. Walz S.C.A.<\/p>\n<p><strong> Env\u00edos <\/strong><\/p>\n<p>Hacemos env\u00edos a todo el pa\u00eds, consultar tarifas y medios de transporte.<\/p>\n<p>Env\u00edo bonificado seg\u00fan destino y monto total del pedido.<\/p>\n<p>[\/vc_column_text][\/vc_column][\/vc_row]<\/p>\n","protected":false},"excerpt":{"rendered":"<p>[vc_row wrap_container=&#8221;yes&#8221; css=&#8221;.vc_custom_1534896586831{padding-top: 30px !important;padding-bottom: 45px !important;}&#8221;][vc_column][vc_row_inner][vc_column_inner offset=&#8221;vc_col-md-8&#8243;][vc_column_text] Bienvenidos a nuestra sede en la web donde ponemos a su disposici\u00f3n nuestro cat\u00e1logo de productos y ofertas. A trav\u00e9s de este medio queremos ofrecerle la posibilidad de conocer nuestra empresa y los productos que ella ofrece. Es nuestro deseo que usted se contacte con nosotros ante [&hellip;]<\/p>\n","protected":false},"author":1,"featured_media":0,"parent":0,"menu_order":0,"comment_status":"closed","ping_status":"closed","template":"","meta":[],"_links":{"self":[{"href":"https:\/\/franciscohwalz.com.ar\/W\/wp-json\/wp\/v2\/pages\/55"}],"collection":[{"href":"https:\/\/franciscohwalz.com.ar\/W\/wp-json\/wp\/v2\/pages"}],"about":[{"href":"https:\/\/franciscohwalz.com.ar\/W\/wp-json\/wp\/v2\/types\/page"}],"author":[{"embeddable":true,"href":"https:\/\/franciscohwalz.com.ar\/W\/wp-json\/wp\/v2\/users\/1"}],"replies":[{"embeddable":true,"href":"https:\/\/franciscohwalz.com.ar\/W\/wp-json\/wp\/v2\/comments?post=55"}],"version-history":[{"count":13,"href":"https:\/\/franciscohwalz.com.ar\/W\/wp-json\/wp\/v2\/pages\/55\/revisions"}],"predecessor-version":[{"id":17073,"href":"https:\/\/franciscohwalz.com.ar\/W\/wp-json\/wp\/v2\/pages\/55\/revisions\/17073"}],"wp:attachment":[{"href":"https:\/\/franciscohwalz.com.ar\/W\/wp-json\/wp\/v2\/media?parent=55"}],"curies":[{"name":"wp","href":"https:\/\/api.w.org\/{rel}","templated":true}]}}