{"id":14713,"date":"2021-03-12T19:06:30","date_gmt":"2021-03-12T22:06:30","guid":{"rendered":"https:\/\/franciscohwalz.com.ar\/?post_type=product&#038;p=14713"},"modified":"2024-12-19T18:13:24","modified_gmt":"2024-12-19T21:13:24","slug":"barbijo-reutilizable-atom-protect","status":"publish","type":"product","link":"https:\/\/franciscohwalz.com.ar\/W\/product\/barbijo-reutilizable-atom-protect\/","title":{"rendered":"Barbijo reutilizable Atom Protect"},"content":{"rendered":"<p>Mascarilla de dos capas con las siguientes funciones: ANTIBACTERIAL, ANTIVIRAL y ANTIHONGOS. Fabricada con NANOTECNOLOG\u00cdA, desarrollada con el asesoramiento de cient\u00edficos de la UBA, UNSAM y CONICET. Con especificaciones de normas IRAM.<\/p>\n<p>Lavable con agua y jab\u00f3n, a mano o en lavarropas con agua fr\u00eda.<br \/>\nAbsorbe la humedad de la respiraci\u00f3n, el habla y la tos, protegiendo tu salud y la de tu familia.<\/p>\n<p>Caracter\u00edsticas:<\/p>\n<p>AGENTE GERMICIDAS: iones de plata, iones de cobre y cloruro de benzalconio, estos componentes act\u00faan y sanitizan el barbijo mientras es utilizado.<\/p>\n<p>AUTOESTERILIZANTE<\/p>\n<p>BIOACTIVO: Al estar en contacto con la piel y adquirir temperatura corporal es mayor su efectividad.<\/p>\n<p>DOS CAPAS DE PROTECCI\u00d3N ESPECIAL:<br \/>\n1er capa: exterior semipermeable para frenar el ingreso y egreso de fluidos, pero s\u00ed permite el paso del aire para respirar.<br \/>\n2da capa: base textil que soporta la primera capa impermeable y est\u00e1 embebida con los sanitizantes, adem\u00e1s absorbe la humedad del habla y respiraci\u00f3n, mientras va destruyendo colonias de g\u00e9rmenes que genera el mismo usuario.<\/p>\n<p>CONFORT Y USO:<br \/>\nLa sensaci\u00f3n al utilizarlo es muy agradable, no condesa humedad ni genera sofocaci\u00f3n. Combate el feo olor del uso. Las suaves gomas son ajustables.<\/p>\n<p>EL CUIDADO DEL PRODUCTO MUY SENCILLO:<br \/>\nLavables 15 veces manteniendo las propiedades activas. Se puede lavar a mano o en lavarropas con agua fr\u00eda. No usar cloro. No espolvorear con alcohol sanitizante.<\/p>\n<p>PRESENTACION cada barbijo esta envasado de forma individual.<\/p>\n<p>LAVAR ANTES DEL PRIMER USO.<\/p>\n","protected":false},"excerpt":{"rendered":"<p>Mascarilla de dos capas con las siguientes funciones: ANTIBACTERIAL, ANTIVIRAL y ANTIHONGOS. Fabricada con NANOTECNOLOG\u00cdA, desarrollada con el asesoramiento de cient\u00edficos de la UBA, UNSAM y CONICET. Con especificaciones de normas IRAM. Lavable con agua y jab\u00f3n, a mano o en lavarropas con agua fr\u00eda. Absorbe la humedad de la respiraci\u00f3n, el habla y la [&hellip;]<\/p>\n","protected":false},"featured_media":14715,"comment_status":"open","ping_status":"closed","template":"","meta":[],"_links":{"self":[{"href":"https:\/\/franciscohwalz.com.ar\/W\/wp-json\/wp\/v2\/product\/14713"}],"collection":[{"href":"https:\/\/franciscohwalz.com.ar\/W\/wp-json\/wp\/v2\/product"}],"about":[{"href":"https:\/\/franciscohwalz.com.ar\/W\/wp-json\/wp\/v2\/types\/product"}],"replies":[{"embeddable":true,"href":"https:\/\/franciscohwalz.com.ar\/W\/wp-json\/wp\/v2\/comments?post=14713"}],"wp:featuredmedia":[{"embeddable":true,"href":"https:\/\/franciscohwalz.com.ar\/W\/wp-json\/wp\/v2\/media\/14715"}],"wp:attachment":[{"href":"https:\/\/franciscohwalz.com.ar\/W\/wp-json\/wp\/v2\/media?parent=14713"}],"curies":[{"name":"wp","href":"https:\/\/api.w.org\/{rel}","templated":true}]}}