{"id":17229,"date":"2023-02-08T12:37:10","date_gmt":"2023-02-08T15:37:10","guid":{"rendered":"https:\/\/franciscohwalz.com.ar\/W\/?post_type=product&#038;p=17229"},"modified":"2026-03-20T17:13:13","modified_gmt":"2026-03-20T20:13:13","slug":"cepillo-p-ampolla-de-decantacion-de-125-a-250-ml","status":"publish","type":"product","link":"https:\/\/franciscohwalz.com.ar\/W\/product\/cepillo-p-ampolla-de-decantacion-de-125-a-250-ml\/","title":{"rendered":"Cepillo p\/ampolla de decantaci\u00f3n de 125 a 250 ml"},"content":{"rendered":"<p>Cepillo para ampolla de decantaci\u00f3n de 125 a 250 ml, di\u00e1metro menor 4 cm, mayor 6 cm. Largo 14 cm. Largo total 28 cm.<\/p>\n","protected":false},"excerpt":{"rendered":"<p>Cepillo para ampolla de decantaci\u00f3n de 125 a 250 ml, di\u00e1metro menor 4 cm, mayor 6 cm. Largo 14 cm. Largo total 28 cm.<\/p>\n","protected":false},"featured_media":17230,"comment_status":"closed","ping_status":"closed","template":"","meta":[],"_links":{"self":[{"href":"https:\/\/franciscohwalz.com.ar\/W\/wp-json\/wp\/v2\/product\/17229"}],"collection":[{"href":"https:\/\/franciscohwalz.com.ar\/W\/wp-json\/wp\/v2\/product"}],"about":[{"href":"https:\/\/franciscohwalz.com.ar\/W\/wp-json\/wp\/v2\/types\/product"}],"replies":[{"embeddable":true,"href":"https:\/\/franciscohwalz.com.ar\/W\/wp-json\/wp\/v2\/comments?post=17229"}],"wp:featuredmedia":[{"embeddable":true,"href":"https:\/\/franciscohwalz.com.ar\/W\/wp-json\/wp\/v2\/media\/17230"}],"wp:attachment":[{"href":"https:\/\/franciscohwalz.com.ar\/W\/wp-json\/wp\/v2\/media?parent=17229"}],"curies":[{"name":"wp","href":"https:\/\/api.w.org\/{rel}","templated":true}]}}