{"id":19250,"date":"2024-02-19T13:27:36","date_gmt":"2024-02-19T16:27:36","guid":{"rendered":"https:\/\/franciscohwalz.com.ar\/W\/?post_type=product&#038;p=19250"},"modified":"2026-03-20T17:12:30","modified_gmt":"2026-03-20T20:12:30","slug":"kit-de-transformacion-de-energia","status":"publish","type":"product","link":"https:\/\/franciscohwalz.com.ar\/W\/product\/kit-de-transformacion-de-energia\/","title":{"rendered":"Kit de transformaci\u00f3n de energ\u00eda"},"content":{"rendered":"<p>Este kit permite demostrar claramente el proceso de conversi\u00f3n de energ\u00eda proveniente de diferentes fuentes.<br \/>\nEl kit incluye generador e\u00f3lico, generador manual, panel solar y soporte para bater\u00edas.<br \/>\nLa generaci\u00f3n de electricidad se hace evidente utilizando los dispositivos incluidos en el kit: motor el\u00e9ctrico con aspas, luz led, campanilla el\u00e9ctrica.<br \/>\nIncluye cables para conexi\u00f3n. <\/p>\n","protected":false},"excerpt":{"rendered":"<p>Este kit permite demostrar claramente el proceso de conversi\u00f3n de energ\u00eda proveniente de diferentes fuentes. El kit incluye generador e\u00f3lico, generador manual, panel solar y soporte para bater\u00edas. La generaci\u00f3n de electricidad se hace evidente utilizando los dispositivos incluidos en el kit: motor el\u00e9ctrico con aspas, luz led, campanilla el\u00e9ctrica. Incluye cables para conexi\u00f3n.<\/p>\n","protected":false},"featured_media":19251,"comment_status":"open","ping_status":"closed","template":"","meta":[],"_links":{"self":[{"href":"https:\/\/franciscohwalz.com.ar\/W\/wp-json\/wp\/v2\/product\/19250"}],"collection":[{"href":"https:\/\/franciscohwalz.com.ar\/W\/wp-json\/wp\/v2\/product"}],"about":[{"href":"https:\/\/franciscohwalz.com.ar\/W\/wp-json\/wp\/v2\/types\/product"}],"replies":[{"embeddable":true,"href":"https:\/\/franciscohwalz.com.ar\/W\/wp-json\/wp\/v2\/comments?post=19250"}],"wp:featuredmedia":[{"embeddable":true,"href":"https:\/\/franciscohwalz.com.ar\/W\/wp-json\/wp\/v2\/media\/19251"}],"wp:attachment":[{"href":"https:\/\/franciscohwalz.com.ar\/W\/wp-json\/wp\/v2\/media?parent=19250"}],"curies":[{"name":"wp","href":"https:\/\/api.w.org\/{rel}","templated":true}]}}