{"id":19265,"date":"2024-02-20T13:35:37","date_gmt":"2024-02-20T16:35:37","guid":{"rendered":"https:\/\/franciscohwalz.com.ar\/W\/?post_type=product&#038;p=19265"},"modified":"2026-03-20T17:12:33","modified_gmt":"2026-03-20T20:12:33","slug":"kit-para-vacio-y-presion-del-aire","status":"publish","type":"product","link":"https:\/\/franciscohwalz.com.ar\/W\/product\/kit-para-vacio-y-presion-del-aire\/","title":{"rendered":"Kit para vac\u00edo y presi\u00f3n del aire"},"content":{"rendered":"<p>El kit permite realizar una serie de experimentos sobre el vac\u00edo y la presi\u00f3n del aire.<br \/>\nIncluye c\u00e1mara de vac\u00edo de 1 litro con man\u00f3metro, tubo de Newton, hemisferios de Magdeburgo, man\u00f3metro, jeringa de 80 ml y accesorios<br \/>\nPermite realizar las siguientes experiencias:<br \/>\n    Evidenciando la presi\u00f3n del aire.<br \/>\n    Hemisferios de Magdeburgo<br \/>\n    Medici\u00f3n de la presi\u00f3n del aire<br \/>\n    Efectos de la presi\u00f3n del aire \u2013 Disminuci\u00f3n de la presi\u00f3n exterior<br \/>\n    Efectos de la presi\u00f3n del aire \u2013 El agua hierve a menos de 100 grados<br \/>\n    Efectos de la presi\u00f3n del aire \u2013 Disminuci\u00f3n de la presi\u00f3n interior<br \/>\n    Tubo de Newton \u2013 Ca\u00edda libre en el vac\u00edo<br \/>\n    Transmisi\u00f3n del sonido en el vac\u00edo<br \/>\n    Ley de Boyle y Mariott<br \/>\n    Determinaci\u00f3n del peso del aire<\/p>\n","protected":false},"excerpt":{"rendered":"<p>El kit permite realizar una serie de experimentos sobre el vac\u00edo y la presi\u00f3n del aire. Incluye c\u00e1mara de vac\u00edo de 1 litro con man\u00f3metro, tubo de Newton, hemisferios de Magdeburgo, man\u00f3metro, jeringa de 80 ml y accesorios Permite realizar las siguientes experiencias: Evidenciando la presi\u00f3n del aire. Hemisferios de Magdeburgo Medici\u00f3n de la presi\u00f3n [&hellip;]<\/p>\n","protected":false},"featured_media":19266,"comment_status":"open","ping_status":"closed","template":"","meta":[],"_links":{"self":[{"href":"https:\/\/franciscohwalz.com.ar\/W\/wp-json\/wp\/v2\/product\/19265"}],"collection":[{"href":"https:\/\/franciscohwalz.com.ar\/W\/wp-json\/wp\/v2\/product"}],"about":[{"href":"https:\/\/franciscohwalz.com.ar\/W\/wp-json\/wp\/v2\/types\/product"}],"replies":[{"embeddable":true,"href":"https:\/\/franciscohwalz.com.ar\/W\/wp-json\/wp\/v2\/comments?post=19265"}],"wp:featuredmedia":[{"embeddable":true,"href":"https:\/\/franciscohwalz.com.ar\/W\/wp-json\/wp\/v2\/media\/19266"}],"wp:attachment":[{"href":"https:\/\/franciscohwalz.com.ar\/W\/wp-json\/wp\/v2\/media?parent=19265"}],"curies":[{"name":"wp","href":"https:\/\/api.w.org\/{rel}","templated":true}]}}