{"id":6552,"date":"2020-02-12T15:54:01","date_gmt":"2020-02-12T18:54:01","guid":{"rendered":"https:\/\/franciscohwalz.com.ar\/W\/product\/calorimetro-de-las-mezclas-2-camaras\/"},"modified":"2026-03-20T17:12:35","modified_gmt":"2026-03-20T20:12:35","slug":"calorimetro-de-las-mezclas-2-camaras","status":"publish","type":"product","link":"https:\/\/franciscohwalz.com.ar\/W\/product\/calorimetro-de-las-mezclas-2-camaras\/","title":{"rendered":"Calorimetro de las mezclas, 2 camaras"},"content":{"rendered":"<p>Construido en metal, con dos c\u00e1maras, agitador y juego de resistencias que permiten utilizarlo como calor\u00edmetro para demostrar la Ley de Joule. Di\u00e1metro 10 cm. Altura 11 cm.<\/p>\n","protected":false},"excerpt":{"rendered":"<p>Construido en metal, con dos c\u00e1maras, agitador y juego de resistencias que permiten utilizarlo como calor\u00edmetro para demostrar la Ley de Joule. Di\u00e1metro 10 cm. Altura 11 cm.<\/p>\n","protected":false},"featured_media":3400,"comment_status":"closed","ping_status":"closed","template":"","meta":[],"_links":{"self":[{"href":"https:\/\/franciscohwalz.com.ar\/W\/wp-json\/wp\/v2\/product\/6552"}],"collection":[{"href":"https:\/\/franciscohwalz.com.ar\/W\/wp-json\/wp\/v2\/product"}],"about":[{"href":"https:\/\/franciscohwalz.com.ar\/W\/wp-json\/wp\/v2\/types\/product"}],"replies":[{"embeddable":true,"href":"https:\/\/franciscohwalz.com.ar\/W\/wp-json\/wp\/v2\/comments?post=6552"}],"wp:featuredmedia":[{"embeddable":true,"href":"https:\/\/franciscohwalz.com.ar\/W\/wp-json\/wp\/v2\/media\/3400"}],"wp:attachment":[{"href":"https:\/\/franciscohwalz.com.ar\/W\/wp-json\/wp\/v2\/media?parent=6552"}],"curies":[{"name":"wp","href":"https:\/\/api.w.org\/{rel}","templated":true}]}}