{"id":6555,"date":"2020-02-12T15:54:01","date_gmt":"2020-02-12T18:54:01","guid":{"rendered":"https:\/\/franciscohwalz.com.ar\/W\/product\/kit-para-absorcion-y-emision\/"},"modified":"2026-03-20T17:12:35","modified_gmt":"2026-03-20T20:12:35","slug":"kit-para-absorcion-y-emision","status":"publish","type":"product","link":"https:\/\/franciscohwalz.com.ar\/W\/product\/kit-para-absorcion-y-emision\/","title":{"rendered":"Kit para absorcion y emision"},"content":{"rendered":"<p>Permite demostrar con facilidad y claridad la absorci\u00f3n y emisi\u00f3n de la energ\u00eda radiante. Constituido por dos botellas de aluminio, una color negro y la otra blanco con tapones de goma y term\u00f3metros.<\/p>\n","protected":false},"excerpt":{"rendered":"<p>Permite demostrar con facilidad y claridad la absorci\u00f3n y emisi\u00f3n de la energ\u00eda radiante. Constituido por dos botellas de aluminio, una color negro y la otra blanco con tapones de goma y term\u00f3metros.<\/p>\n","protected":false},"featured_media":3402,"comment_status":"closed","ping_status":"open","template":"","meta":[],"_links":{"self":[{"href":"https:\/\/franciscohwalz.com.ar\/W\/wp-json\/wp\/v2\/product\/6555"}],"collection":[{"href":"https:\/\/franciscohwalz.com.ar\/W\/wp-json\/wp\/v2\/product"}],"about":[{"href":"https:\/\/franciscohwalz.com.ar\/W\/wp-json\/wp\/v2\/types\/product"}],"replies":[{"embeddable":true,"href":"https:\/\/franciscohwalz.com.ar\/W\/wp-json\/wp\/v2\/comments?post=6555"}],"wp:featuredmedia":[{"embeddable":true,"href":"https:\/\/franciscohwalz.com.ar\/W\/wp-json\/wp\/v2\/media\/3402"}],"wp:attachment":[{"href":"https:\/\/franciscohwalz.com.ar\/W\/wp-json\/wp\/v2\/media?parent=6555"}],"curies":[{"name":"wp","href":"https:\/\/api.w.org\/{rel}","templated":true}]}}