{"id":6622,"date":"2020-02-12T15:55:00","date_gmt":"2020-02-12T18:55:00","guid":{"rendered":"https:\/\/franciscohwalz.com.ar\/W\/product\/lamina-alimentacion-y-nutricion-82x118-cm-mc\/"},"modified":"2026-03-20T17:12:42","modified_gmt":"2026-03-20T20:12:42","slug":"lamina-alimentacion-y-nutricion-82x118-cm-mc","status":"publish","type":"product","link":"https:\/\/franciscohwalz.com.ar\/W\/product\/lamina-alimentacion-y-nutricion-82x118-cm-mc\/","title":{"rendered":"Lamina Alimentacion y nutricion, 82&#215;118 cm MC"},"content":{"rendered":"<p>L\u00e1mina doble faz. Alimentaci\u00f3n y nutrici\u00f3n \/ Alimentaci\u00f3n, embarazo y ni\u00f1ez, 82&#215;118 cm MC. Plastificada y varillada, para escribir con marcador.<\/p>\n","protected":false},"excerpt":{"rendered":"<p>L\u00e1mina doble faz. Alimentaci\u00f3n y nutrici\u00f3n \/ Alimentaci\u00f3n, embarazo y ni\u00f1ez, 82&#215;118 cm MC. Plastificada y varillada, para escribir con marcador.<\/p>\n","protected":false},"featured_media":3758,"comment_status":"closed","ping_status":"open","template":"","meta":[],"_links":{"self":[{"href":"https:\/\/franciscohwalz.com.ar\/W\/wp-json\/wp\/v2\/product\/6622"}],"collection":[{"href":"https:\/\/franciscohwalz.com.ar\/W\/wp-json\/wp\/v2\/product"}],"about":[{"href":"https:\/\/franciscohwalz.com.ar\/W\/wp-json\/wp\/v2\/types\/product"}],"replies":[{"embeddable":true,"href":"https:\/\/franciscohwalz.com.ar\/W\/wp-json\/wp\/v2\/comments?post=6622"}],"wp:featuredmedia":[{"embeddable":true,"href":"https:\/\/franciscohwalz.com.ar\/W\/wp-json\/wp\/v2\/media\/3758"}],"wp:attachment":[{"href":"https:\/\/franciscohwalz.com.ar\/W\/wp-json\/wp\/v2\/media?parent=6622"}],"curies":[{"name":"wp","href":"https:\/\/api.w.org\/{rel}","templated":true}]}}