{"id":6705,"date":"2020-02-12T15:52:16","date_gmt":"2020-02-12T18:52:16","guid":{"rendered":"https:\/\/franciscohwalz.com.ar\/W\/product\/balanza-elect-th-500-500-g-0-1-g\/"},"modified":"2026-03-20T17:12:26","modified_gmt":"2026-03-20T20:12:26","slug":"balanza-elect-th-500-500-g-0-1-g","status":"publish","type":"product","link":"https:\/\/franciscohwalz.com.ar\/W\/product\/balanza-elect-th-500-500-g-0-1-g\/","title":{"rendered":"Balanza elect. TH-500  (500 g \/ 0.1 g)"},"content":{"rendered":"<p>Platina de 140 mm de di\u00e1metro. Capacidad m\u00e1xima 500 gr. Sensibilidad 0.1 gr. Funciona con 4 pilas AA (fuente 220V opcional). Display LCD de d\u00edgitos grandes. Tara sustraible. Apagado autom\u00e1tico.<\/p>\n","protected":false},"excerpt":{"rendered":"<p>Platina de 140 mm de di\u00e1metro. Capacidad m\u00e1xima 500 gr. Sensibilidad 0.1 gr. Funciona con 4 pilas AA (fuente 220V opcional). Display LCD de d\u00edgitos grandes. Tara sustraible. Apagado autom\u00e1tico.<\/p>\n","protected":false},"featured_media":3958,"comment_status":"closed","ping_status":"closed","template":"","meta":[],"_links":{"self":[{"href":"https:\/\/franciscohwalz.com.ar\/W\/wp-json\/wp\/v2\/product\/6705"}],"collection":[{"href":"https:\/\/franciscohwalz.com.ar\/W\/wp-json\/wp\/v2\/product"}],"about":[{"href":"https:\/\/franciscohwalz.com.ar\/W\/wp-json\/wp\/v2\/types\/product"}],"replies":[{"embeddable":true,"href":"https:\/\/franciscohwalz.com.ar\/W\/wp-json\/wp\/v2\/comments?post=6705"}],"wp:featuredmedia":[{"embeddable":true,"href":"https:\/\/franciscohwalz.com.ar\/W\/wp-json\/wp\/v2\/media\/3958"}],"wp:attachment":[{"href":"https:\/\/franciscohwalz.com.ar\/W\/wp-json\/wp\/v2\/media?parent=6705"}],"curies":[{"name":"wp","href":"https:\/\/api.w.org\/{rel}","templated":true}]}}