{"id":6757,"date":"2020-02-12T15:52:37","date_gmt":"2020-02-12T18:52:37","guid":{"rendered":"https:\/\/franciscohwalz.com.ar\/W\/product\/brazo-para-inyecciones\/"},"modified":"2026-03-20T17:12:29","modified_gmt":"2026-03-20T20:12:29","slug":"brazo-para-inyecciones","status":"publish","type":"product","link":"https:\/\/franciscohwalz.com.ar\/W\/product\/brazo-para-inyecciones\/","title":{"rendered":"Brazo para inyecciones"},"content":{"rendered":"<p>Este brazo tiene un dise\u00f1o \u00fanico y permite la capacitaci\u00f3n de manera natural de la colocaci\u00f3n de inyecciones intravenosas, punci\u00f3n de venas perif\u00e9ricas, colocaci\u00f3n de cat\u00e9teres venosos e inyecciones intramusculares. La piel que recubre el brazo es de material suave y natural, resistente a las manchas, de f\u00e1cil limpieza y gran durabilidad. Se provee con botella pl\u00e1stica con soporte, sangre artificial, jeringa y cat\u00e9teres. Tama\u00f1o natural. Origen Alemania.<\/p>\n","protected":false},"excerpt":{"rendered":"<p>Este brazo tiene un dise\u00f1o \u00fanico y permite la capacitaci\u00f3n de manera natural de la colocaci\u00f3n de inyecciones intravenosas, punci\u00f3n de venas perif\u00e9ricas, colocaci\u00f3n de cat\u00e9teres venosos e inyecciones intramusculares. La piel que recubre el brazo es de material suave y natural, resistente a las manchas, de f\u00e1cil limpieza y gran durabilidad. Se provee con [&hellip;]<\/p>\n","protected":false},"featured_media":3741,"comment_status":"closed","ping_status":"open","template":"","meta":[],"_links":{"self":[{"href":"https:\/\/franciscohwalz.com.ar\/W\/wp-json\/wp\/v2\/product\/6757"}],"collection":[{"href":"https:\/\/franciscohwalz.com.ar\/W\/wp-json\/wp\/v2\/product"}],"about":[{"href":"https:\/\/franciscohwalz.com.ar\/W\/wp-json\/wp\/v2\/types\/product"}],"replies":[{"embeddable":true,"href":"https:\/\/franciscohwalz.com.ar\/W\/wp-json\/wp\/v2\/comments?post=6757"}],"wp:featuredmedia":[{"embeddable":true,"href":"https:\/\/franciscohwalz.com.ar\/W\/wp-json\/wp\/v2\/media\/3741"}],"wp:attachment":[{"href":"https:\/\/franciscohwalz.com.ar\/W\/wp-json\/wp\/v2\/media?parent=6757"}],"curies":[{"name":"wp","href":"https:\/\/api.w.org\/{rel}","templated":true}]}}