{"id":6762,"date":"2020-02-12T15:52:55","date_gmt":"2020-02-12T18:52:55","guid":{"rendered":"https:\/\/franciscohwalz.com.ar\/W\/product\/bobina-de-faraday\/"},"modified":"2026-03-20T17:12:30","modified_gmt":"2026-03-20T20:12:30","slug":"bobina-de-faraday","status":"publish","type":"product","link":"https:\/\/franciscohwalz.com.ar\/W\/product\/bobina-de-faraday\/","title":{"rendered":"Bobina de Faraday"},"content":{"rendered":"<p>Bobina primaria y secundaria con n\u00facleo de hierro (Bobina de Faraday). Permite demostrar el electroim\u00e1n recto, fen\u00f3menos de inducci\u00f3n electromagn\u00e9tica y la regla de Lenz. Medidas 7x7x11 cm<\/p>\n","protected":false},"excerpt":{"rendered":"<p>Bobina primaria y secundaria con n\u00facleo de hierro (Bobina de Faraday). Permite demostrar el electroim\u00e1n recto, fen\u00f3menos de inducci\u00f3n electromagn\u00e9tica y la regla de Lenz. Medidas 7x7x11 cm<\/p>\n","protected":false},"featured_media":3437,"comment_status":"closed","ping_status":"open","template":"","meta":[],"_links":{"self":[{"href":"https:\/\/franciscohwalz.com.ar\/W\/wp-json\/wp\/v2\/product\/6762"}],"collection":[{"href":"https:\/\/franciscohwalz.com.ar\/W\/wp-json\/wp\/v2\/product"}],"about":[{"href":"https:\/\/franciscohwalz.com.ar\/W\/wp-json\/wp\/v2\/types\/product"}],"replies":[{"embeddable":true,"href":"https:\/\/franciscohwalz.com.ar\/W\/wp-json\/wp\/v2\/comments?post=6762"}],"wp:featuredmedia":[{"embeddable":true,"href":"https:\/\/franciscohwalz.com.ar\/W\/wp-json\/wp\/v2\/media\/3437"}],"wp:attachment":[{"href":"https:\/\/franciscohwalz.com.ar\/W\/wp-json\/wp\/v2\/media?parent=6762"}],"curies":[{"name":"wp","href":"https:\/\/api.w.org\/{rel}","templated":true}]}}