{"id":6768,"date":"2020-02-12T15:52:55","date_gmt":"2020-02-12T18:52:55","guid":{"rendered":"https:\/\/franciscohwalz.com.ar\/W\/product\/cuba-electrolitica-para-electrolisis-del-agua\/"},"modified":"2026-04-15T08:11:39","modified_gmt":"2026-04-15T11:11:39","slug":"cuba-electrolitica-para-electrolisis-del-agua","status":"publish","type":"product","link":"https:\/\/franciscohwalz.com.ar\/W\/product\/cuba-electrolitica-para-electrolisis-del-agua\/","title":{"rendered":"Cuba electrolitica"},"content":{"rendered":"<p>Dispositivo para realizar la electr\u00f3lisis del agua. Con cubetas para medir el volumen de hidr\u00f3geno y ox\u00edgeno. Medidas 10x10x19 cm.<\/p>\n","protected":false},"excerpt":{"rendered":"<p>Dispositivo para realizar la electr\u00f3lisis del agua. Con cubetas para medir el volumen de hidr\u00f3geno y ox\u00edgeno. Medidas 10x10x19 cm.<\/p>\n","protected":false},"featured_media":3447,"comment_status":"closed","ping_status":"closed","template":"","meta":[],"_links":{"self":[{"href":"https:\/\/franciscohwalz.com.ar\/W\/wp-json\/wp\/v2\/product\/6768"}],"collection":[{"href":"https:\/\/franciscohwalz.com.ar\/W\/wp-json\/wp\/v2\/product"}],"about":[{"href":"https:\/\/franciscohwalz.com.ar\/W\/wp-json\/wp\/v2\/types\/product"}],"replies":[{"embeddable":true,"href":"https:\/\/franciscohwalz.com.ar\/W\/wp-json\/wp\/v2\/comments?post=6768"}],"wp:featuredmedia":[{"embeddable":true,"href":"https:\/\/franciscohwalz.com.ar\/W\/wp-json\/wp\/v2\/media\/3447"}],"wp:attachment":[{"href":"https:\/\/franciscohwalz.com.ar\/W\/wp-json\/wp\/v2\/media?parent=6768"}],"curies":[{"name":"wp","href":"https:\/\/api.w.org\/{rel}","templated":true}]}}