{"id":6801,"date":"2020-02-12T15:53:24","date_gmt":"2020-02-12T18:53:24","guid":{"rendered":"https:\/\/franciscohwalz.com.ar\/W\/product\/dispositivo-p-demostrar-el-principio-de-arquimedes\/"},"modified":"2026-03-20T17:12:33","modified_gmt":"2026-03-20T20:12:33","slug":"dispositivo-p-demostrar-el-principio-de-arquimedes","status":"publish","type":"product","link":"https:\/\/franciscohwalz.com.ar\/W\/product\/dispositivo-p-demostrar-el-principio-de-arquimedes\/","title":{"rendered":"Dispositivo p\/demostrar el Principio de Arquimedes"},"content":{"rendered":"<p>Este dispositivo consta de un dinam\u00f3metro de gran tama\u00f1o de 200 gr, un juego de cilindros de Arqu\u00edmedes y un vaso de derrame. Permite demostrar el Principio de Arqu\u00edmedes utilizando el cilindro o el vaso. Altura del dinam\u00f3metro 30 cm.<\/p>\n","protected":false},"excerpt":{"rendered":"<p>Este dispositivo consta de un dinam\u00f3metro de gran tama\u00f1o de 200 gr, un juego de cilindros de Arqu\u00edmedes y un vaso de derrame. Permite demostrar el Principio de Arqu\u00edmedes utilizando el cilindro o el vaso. Altura del dinam\u00f3metro 30 cm.<\/p>\n","protected":false},"featured_media":3379,"comment_status":"closed","ping_status":"open","template":"","meta":[],"_links":{"self":[{"href":"https:\/\/franciscohwalz.com.ar\/W\/wp-json\/wp\/v2\/product\/6801"}],"collection":[{"href":"https:\/\/franciscohwalz.com.ar\/W\/wp-json\/wp\/v2\/product"}],"about":[{"href":"https:\/\/franciscohwalz.com.ar\/W\/wp-json\/wp\/v2\/types\/product"}],"replies":[{"embeddable":true,"href":"https:\/\/franciscohwalz.com.ar\/W\/wp-json\/wp\/v2\/comments?post=6801"}],"wp:featuredmedia":[{"embeddable":true,"href":"https:\/\/franciscohwalz.com.ar\/W\/wp-json\/wp\/v2\/media\/3379"}],"wp:attachment":[{"href":"https:\/\/franciscohwalz.com.ar\/W\/wp-json\/wp\/v2\/media?parent=6801"}],"curies":[{"name":"wp","href":"https:\/\/api.w.org\/{rel}","templated":true}]}}