{"id":6803,"date":"2020-02-12T15:53:24","date_gmt":"2020-02-12T18:53:24","guid":{"rendered":"https:\/\/franciscohwalz.com.ar\/W\/product\/bomba-para-vacio-manual-a-gatillo\/"},"modified":"2026-03-20T17:12:33","modified_gmt":"2026-03-20T20:12:33","slug":"bomba-para-vacio-manual-a-gatillo","status":"publish","type":"product","link":"https:\/\/franciscohwalz.com.ar\/W\/product\/bomba-para-vacio-manual-a-gatillo\/","title":{"rendered":"Bomba para vacio manual a gatillo"},"content":{"rendered":"<p>Construida en material pl\u00e1stico con conexi\u00f3n para manguera, Accionamiento suave. Equipada con v\u00e1lvula de liberaci\u00f3n de vac\u00edo. Altura 20 cm.<\/p>\n","protected":false},"excerpt":{"rendered":"<p>Construida en material pl\u00e1stico con conexi\u00f3n para manguera, Accionamiento suave. Equipada con v\u00e1lvula de liberaci\u00f3n de vac\u00edo. Altura 20 cm.<\/p>\n","protected":false},"featured_media":3388,"comment_status":"closed","ping_status":"open","template":"","meta":[],"_links":{"self":[{"href":"https:\/\/franciscohwalz.com.ar\/W\/wp-json\/wp\/v2\/product\/6803"}],"collection":[{"href":"https:\/\/franciscohwalz.com.ar\/W\/wp-json\/wp\/v2\/product"}],"about":[{"href":"https:\/\/franciscohwalz.com.ar\/W\/wp-json\/wp\/v2\/types\/product"}],"replies":[{"embeddable":true,"href":"https:\/\/franciscohwalz.com.ar\/W\/wp-json\/wp\/v2\/comments?post=6803"}],"wp:featuredmedia":[{"embeddable":true,"href":"https:\/\/franciscohwalz.com.ar\/W\/wp-json\/wp\/v2\/media\/3388"}],"wp:attachment":[{"href":"https:\/\/franciscohwalz.com.ar\/W\/wp-json\/wp\/v2\/media?parent=6803"}],"curies":[{"name":"wp","href":"https:\/\/api.w.org\/{rel}","templated":true}]}}