{"id":6833,"date":"2020-02-12T15:53:47","date_gmt":"2020-02-12T18:53:47","guid":{"rendered":"https:\/\/franciscohwalz.com.ar\/W\/product\/resorte-slinky-diametro-8-cm\/"},"modified":"2026-03-20T17:12:34","modified_gmt":"2026-03-20T20:12:34","slug":"resorte-slinky-diametro-8-cm","status":"publish","type":"product","link":"https:\/\/franciscohwalz.com.ar\/W\/product\/resorte-slinky-diametro-8-cm\/","title":{"rendered":"Resorte SLINKY, diametro 8 cm"},"content":{"rendered":"<p>Resorte SLINKY, para demostraci\u00f3n de ondas, propagaci\u00f3n, reflexi\u00f3n, etc. Construido en acero de 8 cm  de di\u00e1metro y 8 cm de largo. Permite estirarlo hasta 5 metros.<\/p>\n","protected":false},"excerpt":{"rendered":"<p>Resorte SLINKY, para demostraci\u00f3n de ondas, propagaci\u00f3n, reflexi\u00f3n, etc. Construido en acero de 8 cm de di\u00e1metro y 8 cm de largo. Permite estirarlo hasta 5 metros.<\/p>\n","protected":false},"featured_media":3393,"comment_status":"closed","ping_status":"open","template":"","meta":[],"_links":{"self":[{"href":"https:\/\/franciscohwalz.com.ar\/W\/wp-json\/wp\/v2\/product\/6833"}],"collection":[{"href":"https:\/\/franciscohwalz.com.ar\/W\/wp-json\/wp\/v2\/product"}],"about":[{"href":"https:\/\/franciscohwalz.com.ar\/W\/wp-json\/wp\/v2\/types\/product"}],"replies":[{"embeddable":true,"href":"https:\/\/franciscohwalz.com.ar\/W\/wp-json\/wp\/v2\/comments?post=6833"}],"wp:featuredmedia":[{"embeddable":true,"href":"https:\/\/franciscohwalz.com.ar\/W\/wp-json\/wp\/v2\/media\/3393"}],"wp:attachment":[{"href":"https:\/\/franciscohwalz.com.ar\/W\/wp-json\/wp\/v2\/media?parent=6833"}],"curies":[{"name":"wp","href":"https:\/\/api.w.org\/{rel}","templated":true}]}}