{"id":6851,"date":"2020-02-12T15:54:01","date_gmt":"2020-02-12T18:54:01","guid":{"rendered":"https:\/\/franciscohwalz.com.ar\/W\/product\/cinta-metrica-de-acero-2-mt\/"},"modified":"2026-03-20T17:12:36","modified_gmt":"2026-03-20T20:12:36","slug":"cinta-metrica-de-acero-2-mt","status":"publish","type":"product","link":"https:\/\/franciscohwalz.com.ar\/W\/product\/cinta-metrica-de-acero-2-mt\/","title":{"rendered":"Cinta metrica de acero  2 mt"},"content":{"rendered":"<p>Cinta m\u00e9trica de acero de 2 metros, en caja pl\u00e1stica de 4.5 cm de di\u00e1metro con enrollamiento autom\u00e1tico.<\/p>\n","protected":false},"excerpt":{"rendered":"<p>Cinta m\u00e9trica de acero de 2 metros, en caja pl\u00e1stica de 4.5 cm de di\u00e1metro con enrollamiento autom\u00e1tico.<\/p>\n","protected":false},"featured_media":3353,"comment_status":"closed","ping_status":"open","template":"","meta":[],"_links":{"self":[{"href":"https:\/\/franciscohwalz.com.ar\/W\/wp-json\/wp\/v2\/product\/6851"}],"collection":[{"href":"https:\/\/franciscohwalz.com.ar\/W\/wp-json\/wp\/v2\/product"}],"about":[{"href":"https:\/\/franciscohwalz.com.ar\/W\/wp-json\/wp\/v2\/types\/product"}],"replies":[{"embeddable":true,"href":"https:\/\/franciscohwalz.com.ar\/W\/wp-json\/wp\/v2\/comments?post=6851"}],"wp:featuredmedia":[{"embeddable":true,"href":"https:\/\/franciscohwalz.com.ar\/W\/wp-json\/wp\/v2\/media\/3353"}],"wp:attachment":[{"href":"https:\/\/franciscohwalz.com.ar\/W\/wp-json\/wp\/v2\/media?parent=6851"}],"curies":[{"name":"wp","href":"https:\/\/api.w.org\/{rel}","templated":true}]}}