{"id":6882,"date":"2020-02-12T15:55:31","date_gmt":"2020-02-12T18:55:31","guid":{"rendered":"https:\/\/franciscohwalz.com.ar\/W\/product\/globo-terraqueo-base-plas-c-luz-fis-pol-30-cm\/"},"modified":"2026-03-20T17:12:44","modified_gmt":"2026-03-20T20:12:44","slug":"globo-terraqueo-base-plas-c-luz-fis-pol-30-cm","status":"publish","type":"product","link":"https:\/\/franciscohwalz.com.ar\/W\/product\/globo-terraqueo-base-plas-c-luz-fis-pol-30-cm\/","title":{"rendered":"Globo terraqueo, base plas. c\/luz fis\/pol, 30 cm"},"content":{"rendered":"<p>Globo terr\u00e1queo de 30 cm de di\u00e1metro, f\u00edsico-pol\u00edtico con base de madera y luz.<\/p>\n","protected":false},"excerpt":{"rendered":"<p>Globo terr\u00e1queo de 30 cm de di\u00e1metro, f\u00edsico-pol\u00edtico con base de madera y luz.<\/p>\n","protected":false},"featured_media":8158,"comment_status":"closed","ping_status":"closed","template":"","meta":[],"_links":{"self":[{"href":"https:\/\/franciscohwalz.com.ar\/W\/wp-json\/wp\/v2\/product\/6882"}],"collection":[{"href":"https:\/\/franciscohwalz.com.ar\/W\/wp-json\/wp\/v2\/product"}],"about":[{"href":"https:\/\/franciscohwalz.com.ar\/W\/wp-json\/wp\/v2\/types\/product"}],"replies":[{"embeddable":true,"href":"https:\/\/franciscohwalz.com.ar\/W\/wp-json\/wp\/v2\/comments?post=6882"}],"wp:featuredmedia":[{"embeddable":true,"href":"https:\/\/franciscohwalz.com.ar\/W\/wp-json\/wp\/v2\/media\/8158"}],"wp:attachment":[{"href":"https:\/\/franciscohwalz.com.ar\/W\/wp-json\/wp\/v2\/media?parent=6882"}],"curies":[{"name":"wp","href":"https:\/\/api.w.org\/{rel}","templated":true}]}}