{"id":7082,"date":"2020-02-12T15:57:32","date_gmt":"2020-02-12T18:57:32","guid":{"rendered":"https:\/\/franciscohwalz.com.ar\/W\/product\/multibase-10x150\/"},"modified":"2026-03-20T17:12:58","modified_gmt":"2026-03-20T20:12:58","slug":"multibase-10x150","status":"publish","type":"product","link":"https:\/\/franciscohwalz.com.ar\/W\/product\/multibase-10x150\/","title":{"rendered":"Multibase 10&#215;150"},"content":{"rendered":"<p>Los  bloques  multibase  se  utilizan  para  facilitar  la  comprensi\u00f3n  del sistema de numeraci\u00f3n decimal y las operaciones fundamentales. Se  emplean,  principalmente,  en  los  procesos  iniciales  de  ense\u00f1anza  y  aprendizaje de los alumnos de primer ciclo. Constituido por cubos, barras y placas. 150 piezas. Medidas de la caja 30x20x4 cm.<\/p>\n","protected":false},"excerpt":{"rendered":"<p>Los bloques multibase se utilizan para facilitar la comprensi\u00f3n del sistema de numeraci\u00f3n decimal y las operaciones fundamentales. Se emplean, principalmente, en los procesos iniciales de ense\u00f1anza y aprendizaje de los alumnos de primer ciclo. Constituido por cubos, barras y placas. 150 piezas. Medidas de la caja 30x20x4 cm.<\/p>\n","protected":false},"featured_media":3868,"comment_status":"closed","ping_status":"open","template":"","meta":[],"_links":{"self":[{"href":"https:\/\/franciscohwalz.com.ar\/W\/wp-json\/wp\/v2\/product\/7082"}],"collection":[{"href":"https:\/\/franciscohwalz.com.ar\/W\/wp-json\/wp\/v2\/product"}],"about":[{"href":"https:\/\/franciscohwalz.com.ar\/W\/wp-json\/wp\/v2\/types\/product"}],"replies":[{"embeddable":true,"href":"https:\/\/franciscohwalz.com.ar\/W\/wp-json\/wp\/v2\/comments?post=7082"}],"wp:featuredmedia":[{"embeddable":true,"href":"https:\/\/franciscohwalz.com.ar\/W\/wp-json\/wp\/v2\/media\/3868"}],"wp:attachment":[{"href":"https:\/\/franciscohwalz.com.ar\/W\/wp-json\/wp\/v2\/media?parent=7082"}],"curies":[{"name":"wp","href":"https:\/\/api.w.org\/{rel}","templated":true}]}}