{"id":7104,"date":"2020-02-12T15:57:44","date_gmt":"2020-02-12T18:57:44","guid":{"rendered":"https:\/\/franciscohwalz.com.ar\/W\/product\/pluviometro-metalico-con-probeta\/"},"modified":"2026-03-20T17:12:59","modified_gmt":"2026-03-20T20:12:59","slug":"pluviometro-metalico-con-probeta","status":"publish","type":"product","link":"https:\/\/franciscohwalz.com.ar\/W\/product\/pluviometro-metalico-con-probeta\/","title":{"rendered":"Pluviometro metalico con probeta"},"content":{"rendered":"<p>Construido en aluminio, con robinete de evacuaci\u00f3n de bronce. Soporte met\u00e1lico para montaje. Rejilla de hierro galvanizado. Probeta para medici\u00f3n. Altura 25 cm.<\/p>\n","protected":false},"excerpt":{"rendered":"<p>Construido en aluminio, con robinete de evacuaci\u00f3n de bronce. Soporte met\u00e1lico para montaje. Rejilla de hierro galvanizado. Probeta para medici\u00f3n. Altura 25 cm.<\/p>\n","protected":false},"featured_media":3827,"comment_status":"closed","ping_status":"closed","template":"","meta":[],"_links":{"self":[{"href":"https:\/\/franciscohwalz.com.ar\/W\/wp-json\/wp\/v2\/product\/7104"}],"collection":[{"href":"https:\/\/franciscohwalz.com.ar\/W\/wp-json\/wp\/v2\/product"}],"about":[{"href":"https:\/\/franciscohwalz.com.ar\/W\/wp-json\/wp\/v2\/types\/product"}],"replies":[{"embeddable":true,"href":"https:\/\/franciscohwalz.com.ar\/W\/wp-json\/wp\/v2\/comments?post=7104"}],"wp:featuredmedia":[{"embeddable":true,"href":"https:\/\/franciscohwalz.com.ar\/W\/wp-json\/wp\/v2\/media\/3827"}],"wp:attachment":[{"href":"https:\/\/franciscohwalz.com.ar\/W\/wp-json\/wp\/v2\/media?parent=7104"}],"curies":[{"name":"wp","href":"https:\/\/api.w.org\/{rel}","templated":true}]}}