{"id":7106,"date":"2020-02-12T15:58:05","date_gmt":"2020-02-12T18:58:05","guid":{"rendered":"https:\/\/franciscohwalz.com.ar\/W\/product\/psicrometro-de-bulbo-humedo-y-seco\/"},"modified":"2026-03-20T17:12:59","modified_gmt":"2026-03-20T20:12:59","slug":"psicrometro-de-bulbo-humedo-y-seco","status":"publish","type":"product","link":"https:\/\/franciscohwalz.com.ar\/W\/product\/psicrometro-de-bulbo-humedo-y-seco\/","title":{"rendered":"Psicrometro de bulbo humedo y seco"},"content":{"rendered":"<p>Montado sobre base pl\u00e1stica. Con term\u00f3metro de bulbo h\u00famedo y seco. Lectura de humedad por diferencia de temperatura. Con tabla psicrom\u00e9trica. Medidas 9.5x3x24.5 cm.<\/p>\n","protected":false},"excerpt":{"rendered":"<p>Montado sobre base pl\u00e1stica. Con term\u00f3metro de bulbo h\u00famedo y seco. Lectura de humedad por diferencia de temperatura. Con tabla psicrom\u00e9trica. Medidas 9.5x3x24.5 cm.<\/p>\n","protected":false},"featured_media":3829,"comment_status":"closed","ping_status":"closed","template":"","meta":[],"_links":{"self":[{"href":"https:\/\/franciscohwalz.com.ar\/W\/wp-json\/wp\/v2\/product\/7106"}],"collection":[{"href":"https:\/\/franciscohwalz.com.ar\/W\/wp-json\/wp\/v2\/product"}],"about":[{"href":"https:\/\/franciscohwalz.com.ar\/W\/wp-json\/wp\/v2\/types\/product"}],"replies":[{"embeddable":true,"href":"https:\/\/franciscohwalz.com.ar\/W\/wp-json\/wp\/v2\/comments?post=7106"}],"wp:featuredmedia":[{"embeddable":true,"href":"https:\/\/franciscohwalz.com.ar\/W\/wp-json\/wp\/v2\/media\/3829"}],"wp:attachment":[{"href":"https:\/\/franciscohwalz.com.ar\/W\/wp-json\/wp\/v2\/media?parent=7106"}],"curies":[{"name":"wp","href":"https:\/\/api.w.org\/{rel}","templated":true}]}}