{"id":7120,"date":"2020-02-12T15:58:05","date_gmt":"2020-02-12T18:58:05","guid":{"rendered":"https:\/\/franciscohwalz.com.ar\/W\/product\/camara-ocular-digital-para-microscopio\/"},"modified":"2026-03-20T17:13:00","modified_gmt":"2026-03-20T20:13:00","slug":"camara-ocular-digital-para-microscopio","status":"publish","type":"product","link":"https:\/\/franciscohwalz.com.ar\/W\/product\/camara-ocular-digital-para-microscopio\/","title":{"rendered":"Camara ocular digital para microscopio"},"content":{"rendered":"<p>C\u00e1mara ocular 1.3 Megapixels, se conecta a la PC a trav\u00e9s de cable USB (incluido). Reemplaza el ocular del microscopio y permite transmitir las im\u00e1genes a la PC.<br \/>\nIncluye: Software y cable USB.<\/p>\n<p>Especificaciones t\u00e9cnicas: <\/p>\n<p>\u2022 Sensor CMOS (Color)<br \/>\n\u2022 M\u00e1xima resoluci\u00f3n 1600 x 1200<br \/>\n\u2022 Conexi\u00f3n a puerto USB 2.0<br \/>\n\u2022 Di\u00e1metro de encastre 23.2 mm<br \/>\n\u2022 Sistema operativo:  Microsoft Windows XP,Vista, 7, 8 (32 &#038; 64 bit), 10, Mac OS X, Linux.<\/p>\n","protected":false},"excerpt":{"rendered":"<p>C\u00e1mara ocular 1.3 Megapixels, se conecta a la PC a trav\u00e9s de cable USB (incluido). Reemplaza el ocular del microscopio y permite transmitir las im\u00e1genes a la PC. Incluye: Software y cable USB. Especificaciones t\u00e9cnicas: \u2022 Sensor CMOS (Color) \u2022 M\u00e1xima resoluci\u00f3n 1600 x 1200 \u2022 Conexi\u00f3n a puerto USB 2.0 \u2022 Di\u00e1metro de encastre [&hellip;]<\/p>\n","protected":false},"featured_media":3840,"comment_status":"closed","ping_status":"open","template":"","meta":[],"_links":{"self":[{"href":"https:\/\/franciscohwalz.com.ar\/W\/wp-json\/wp\/v2\/product\/7120"}],"collection":[{"href":"https:\/\/franciscohwalz.com.ar\/W\/wp-json\/wp\/v2\/product"}],"about":[{"href":"https:\/\/franciscohwalz.com.ar\/W\/wp-json\/wp\/v2\/types\/product"}],"replies":[{"embeddable":true,"href":"https:\/\/franciscohwalz.com.ar\/W\/wp-json\/wp\/v2\/comments?post=7120"}],"wp:featuredmedia":[{"embeddable":true,"href":"https:\/\/franciscohwalz.com.ar\/W\/wp-json\/wp\/v2\/media\/3840"}],"wp:attachment":[{"href":"https:\/\/franciscohwalz.com.ar\/W\/wp-json\/wp\/v2\/media?parent=7120"}],"curies":[{"name":"wp","href":"https:\/\/api.w.org\/{rel}","templated":true}]}}