{"id":7131,"date":"2020-02-12T15:58:43","date_gmt":"2020-02-12T18:58:43","guid":{"rendered":"https:\/\/franciscohwalz.com.ar\/W\/product\/lupa-binocular-modelo-s-30-p-c-doble-iluminacion\/"},"modified":"2026-03-20T17:13:01","modified_gmt":"2026-03-20T20:13:01","slug":"lupa-binocular-modelo-s-30-p-c-doble-iluminacion","status":"publish","type":"product","link":"https:\/\/franciscohwalz.com.ar\/W\/product\/lupa-binocular-modelo-s-30-p-c-doble-iluminacion\/","title":{"rendered":"Lupa Binocular modelo S-30-P c\/doble iluminacion"},"content":{"rendered":"<p>Lupa binocular modelo S-30-P. Estativo con regulaci\u00f3n de altura. Cabezal binocular con inclinaci\u00f3n a 45\u00ba, con ajuste interpupilar 55 &#8211; 75 mm y di\u00f3ptrico \u00b1 5 d. Oculares10x WF. Objetivos de 2x y 4x en torreta giratoria.  Aumentos totales 40x. Enfoque macrom\u00e9trico bilateral con ajuste de tensi\u00f3n. Pinzas de sujeci\u00f3n. Disco portaobjetos blanco\/negro\/translucido. Iluminaci\u00f3n doble incidente y transmitida. Opcional: Oculares 20x WF. Medidas 12x16x30 cm.<\/p>\n","protected":false},"excerpt":{"rendered":"<p>Lupa binocular modelo S-30-P. Estativo con regulaci\u00f3n de altura. Cabezal binocular con inclinaci\u00f3n a 45\u00ba, con ajuste interpupilar 55 &#8211; 75 mm y di\u00f3ptrico \u00b1 5 d. Oculares10x WF. Objetivos de 2x y 4x en torreta giratoria. Aumentos totales 40x. Enfoque macrom\u00e9trico bilateral con ajuste de tensi\u00f3n. Pinzas de sujeci\u00f3n. Disco portaobjetos blanco\/negro\/translucido. Iluminaci\u00f3n doble [&hellip;]<\/p>\n","protected":false},"featured_media":3848,"comment_status":"closed","ping_status":"closed","template":"","meta":[],"_links":{"self":[{"href":"https:\/\/franciscohwalz.com.ar\/W\/wp-json\/wp\/v2\/product\/7131"}],"collection":[{"href":"https:\/\/franciscohwalz.com.ar\/W\/wp-json\/wp\/v2\/product"}],"about":[{"href":"https:\/\/franciscohwalz.com.ar\/W\/wp-json\/wp\/v2\/types\/product"}],"replies":[{"embeddable":true,"href":"https:\/\/franciscohwalz.com.ar\/W\/wp-json\/wp\/v2\/comments?post=7131"}],"wp:featuredmedia":[{"embeddable":true,"href":"https:\/\/franciscohwalz.com.ar\/W\/wp-json\/wp\/v2\/media\/3848"}],"wp:attachment":[{"href":"https:\/\/franciscohwalz.com.ar\/W\/wp-json\/wp\/v2\/media?parent=7131"}],"curies":[{"name":"wp","href":"https:\/\/api.w.org\/{rel}","templated":true}]}}