{"id":7136,"date":"2020-02-12T15:58:43","date_gmt":"2020-02-12T18:58:43","guid":{"rendered":"https:\/\/franciscohwalz.com.ar\/W\/product\/microscopio-modelo-sme-f-640\/"},"modified":"2026-03-20T17:13:01","modified_gmt":"2026-03-20T20:13:01","slug":"microscopio-modelo-sme-f-640","status":"publish","type":"product","link":"https:\/\/franciscohwalz.com.ar\/W\/product\/microscopio-modelo-sme-f-640\/","title":{"rendered":"Microscopio modelo SME-F-640"},"content":{"rendered":"<p>Microscopio biol\u00f3gico monocular modelo SME-F-640. Cabezal monocular inclinado a 45\u00ba y rotatorio 360\u00ba. Oculares 10x WF y 16x WF. Objetivos acrom\u00e1ticos 4x, 10x, 40x norma Din. Aumentos totales 640x. Enfoque macro y microm\u00e9trico coaxial bilateral. Focus stop. Platina 110 x 110 mm con pinzas de sujeci\u00f3n. Condensador fijo N.A 0.65. Diafragma a disco. Iluminaci\u00f3n directa 220V 25W con lente colectora. Medidas 13.5&#215;15.5&#215;35.5 cm.<\/p>\n","protected":false},"excerpt":{"rendered":"<p>Microscopio biol\u00f3gico monocular modelo SME-F-640. Cabezal monocular inclinado a 45\u00ba y rotatorio 360\u00ba. Oculares 10x WF y 16x WF. Objetivos acrom\u00e1ticos 4x, 10x, 40x norma Din. Aumentos totales 640x. Enfoque macro y microm\u00e9trico coaxial bilateral. Focus stop. Platina 110 x 110 mm con pinzas de sujeci\u00f3n. Condensador fijo N.A 0.65. Diafragma a disco. Iluminaci\u00f3n directa [&hellip;]<\/p>\n","protected":false},"featured_media":3844,"comment_status":"closed","ping_status":"closed","template":"","meta":[],"_links":{"self":[{"href":"https:\/\/franciscohwalz.com.ar\/W\/wp-json\/wp\/v2\/product\/7136"}],"collection":[{"href":"https:\/\/franciscohwalz.com.ar\/W\/wp-json\/wp\/v2\/product"}],"about":[{"href":"https:\/\/franciscohwalz.com.ar\/W\/wp-json\/wp\/v2\/types\/product"}],"replies":[{"embeddable":true,"href":"https:\/\/franciscohwalz.com.ar\/W\/wp-json\/wp\/v2\/comments?post=7136"}],"wp:featuredmedia":[{"embeddable":true,"href":"https:\/\/franciscohwalz.com.ar\/W\/wp-json\/wp\/v2\/media\/3844"}],"wp:attachment":[{"href":"https:\/\/franciscohwalz.com.ar\/W\/wp-json\/wp\/v2\/media?parent=7136"}],"curies":[{"name":"wp","href":"https:\/\/api.w.org\/{rel}","templated":true}]}}