{"id":7150,"date":"2020-02-12T15:58:56","date_gmt":"2020-02-12T18:58:56","guid":{"rendered":"https:\/\/franciscohwalz.com.ar\/W\/product\/esqueleto-humano-plastico-tamano-natural\/"},"modified":"2026-03-20T17:13:02","modified_gmt":"2026-03-20T20:13:02","slug":"esqueleto-humano-plastico-tamano-natural","status":"publish","type":"product","link":"https:\/\/franciscohwalz.com.ar\/W\/product\/esqueleto-humano-plastico-tamano-natural\/","title":{"rendered":"Esqueleto humano plastico, tama\u00f1o natural"},"content":{"rendered":"<p>Construido en material pl\u00e1stico flexible. Tama\u00f1o natural, 170 cm. Totalmente articulado. Calota craneana y extremidades desmontables, mand\u00edbula articulada. La posici\u00f3n de los dientes y el espacio entre estos se aprecia con precisi\u00f3n. Con soporte con ruedas.<\/p>\n","protected":false},"excerpt":{"rendered":"<p>Construido en material pl\u00e1stico flexible. Tama\u00f1o natural, 170 cm. Totalmente articulado. Calota craneana y extremidades desmontables, mand\u00edbula articulada. La posici\u00f3n de los dientes y el espacio entre estos se aprecia con precisi\u00f3n. Con soporte con ruedas.<\/p>\n","protected":false},"featured_media":3727,"comment_status":"closed","ping_status":"open","template":"","meta":[],"_links":{"self":[{"href":"https:\/\/franciscohwalz.com.ar\/W\/wp-json\/wp\/v2\/product\/7150"}],"collection":[{"href":"https:\/\/franciscohwalz.com.ar\/W\/wp-json\/wp\/v2\/product"}],"about":[{"href":"https:\/\/franciscohwalz.com.ar\/W\/wp-json\/wp\/v2\/types\/product"}],"replies":[{"embeddable":true,"href":"https:\/\/franciscohwalz.com.ar\/W\/wp-json\/wp\/v2\/comments?post=7150"}],"wp:featuredmedia":[{"embeddable":true,"href":"https:\/\/franciscohwalz.com.ar\/W\/wp-json\/wp\/v2\/media\/3727"}],"wp:attachment":[{"href":"https:\/\/franciscohwalz.com.ar\/W\/wp-json\/wp\/v2\/media?parent=7150"}],"curies":[{"name":"wp","href":"https:\/\/api.w.org\/{rel}","templated":true}]}}