{"id":7228,"date":"2020-02-12T15:59:49","date_gmt":"2020-02-12T18:59:49","guid":{"rendered":"https:\/\/franciscohwalz.com.ar\/W\/product\/bano-maria-termostatizado\/"},"modified":"2026-03-20T17:13:07","modified_gmt":"2026-03-20T20:13:07","slug":"bano-maria-termostatizado","status":"publish","type":"product","link":"https:\/\/franciscohwalz.com.ar\/W\/product\/bano-maria-termostatizado\/","title":{"rendered":"Ba\u00f1o Maria termostatizado"},"content":{"rendered":"<p>Dise\u00f1ado y utilizado para destilar, secar, concentrar y calentar qu\u00edmicos h\u00famedos o productos biol\u00f3gicos. Posee dos cavidades de 125 mm cada una con aros conc\u00e9ntricos, lo cual permite recipientes de vidrio de diversos vol\u00famenes. La c\u00e1mara de trabajo es de acero inoxidable. Display digital de f\u00e1cil operaci\u00f3n para el ajuste de temperatura. Voltaje: 220V-50Hz, consumo: 1200W. Temperatura m\u00e1xima: 100\u00baC. Variaci\u00f3n de la temperatura: 1\u00baC.<\/p>\n","protected":false},"excerpt":{"rendered":"<p>Dise\u00f1ado y utilizado para destilar, secar, concentrar y calentar qu\u00edmicos h\u00famedos o productos biol\u00f3gicos. Posee dos cavidades de 125 mm cada una con aros conc\u00e9ntricos, lo cual permite recipientes de vidrio de diversos vol\u00famenes. La c\u00e1mara de trabajo es de acero inoxidable. Display digital de f\u00e1cil operaci\u00f3n para el ajuste de temperatura. Voltaje: 220V-50Hz, consumo: [&hellip;]<\/p>\n","protected":false},"featured_media":3694,"comment_status":"closed","ping_status":"open","template":"","meta":[],"_links":{"self":[{"href":"https:\/\/franciscohwalz.com.ar\/W\/wp-json\/wp\/v2\/product\/7228"}],"collection":[{"href":"https:\/\/franciscohwalz.com.ar\/W\/wp-json\/wp\/v2\/product"}],"about":[{"href":"https:\/\/franciscohwalz.com.ar\/W\/wp-json\/wp\/v2\/types\/product"}],"replies":[{"embeddable":true,"href":"https:\/\/franciscohwalz.com.ar\/W\/wp-json\/wp\/v2\/comments?post=7228"}],"wp:featuredmedia":[{"embeddable":true,"href":"https:\/\/franciscohwalz.com.ar\/W\/wp-json\/wp\/v2\/media\/3694"}],"wp:attachment":[{"href":"https:\/\/franciscohwalz.com.ar\/W\/wp-json\/wp\/v2\/media?parent=7228"}],"curies":[{"name":"wp","href":"https:\/\/api.w.org\/{rel}","templated":true}]}}