{"id":7352,"date":"2020-02-12T16:01:33","date_gmt":"2020-02-12T19:01:33","guid":{"rendered":"https:\/\/franciscohwalz.com.ar\/W\/product\/soporte-de-bunsen-plancha-y-vastago\/"},"modified":"2026-03-20T17:13:15","modified_gmt":"2026-03-20T20:13:15","slug":"soporte-de-bunsen-plancha-y-vastago","status":"publish","type":"product","link":"https:\/\/franciscohwalz.com.ar\/W\/product\/soporte-de-bunsen-plancha-y-vastago\/","title":{"rendered":"Soporte de Bunsen, base 20&#215;12.5 cm, varilla 60 cm"},"content":{"rendered":"<p>Base de fundici\u00f3n de 20 x 12.5 cm, peso 1 kilo. Dos posiciones de fijaci\u00f3n para la varilla, de lado o al centro.<br \/>\nVarilla acero cromada de 60 cm de largo, di\u00e1metro 10 mm, peso 350 gr.<\/p>\n","protected":false},"excerpt":{"rendered":"<p>Base de fundici\u00f3n de 20 x 12.5 cm, peso 1 kilo. Dos posiciones de fijaci\u00f3n para la varilla, de lado o al centro. Varilla acero cromada de 60 cm de largo, di\u00e1metro 10 mm, peso 350 gr.<\/p>\n","protected":false},"featured_media":17215,"comment_status":"closed","ping_status":"closed","template":"","meta":[],"_links":{"self":[{"href":"https:\/\/franciscohwalz.com.ar\/W\/wp-json\/wp\/v2\/product\/7352"}],"collection":[{"href":"https:\/\/franciscohwalz.com.ar\/W\/wp-json\/wp\/v2\/product"}],"about":[{"href":"https:\/\/franciscohwalz.com.ar\/W\/wp-json\/wp\/v2\/types\/product"}],"replies":[{"embeddable":true,"href":"https:\/\/franciscohwalz.com.ar\/W\/wp-json\/wp\/v2\/comments?post=7352"}],"wp:featuredmedia":[{"embeddable":true,"href":"https:\/\/franciscohwalz.com.ar\/W\/wp-json\/wp\/v2\/media\/17215"}],"wp:attachment":[{"href":"https:\/\/franciscohwalz.com.ar\/W\/wp-json\/wp\/v2\/media?parent=7352"}],"curies":[{"name":"wp","href":"https:\/\/api.w.org\/{rel}","templated":true}]}}