{"id":7388,"date":"2020-02-12T16:01:59","date_gmt":"2020-02-12T19:01:59","guid":{"rendered":"https:\/\/franciscohwalz.com.ar\/W\/product\/pipeteador-automatico-0-2-ml-propipeta\/"},"modified":"2026-03-20T17:13:17","modified_gmt":"2026-03-20T20:13:17","slug":"pipeteador-automatico-0-2-ml-propipeta","status":"publish","type":"product","link":"https:\/\/franciscohwalz.com.ar\/W\/product\/pipeteador-automatico-0-2-ml-propipeta\/","title":{"rendered":"Pipeteador automatico 0-2 ml,  (propipeta)"},"content":{"rendered":"<p>El funcionamiento a cremallera permite una dosificaci\u00f3n precisa. Volumen de 0 a 2 ml. Color Azul. Resistente a \u00e1cidos y \u00e1lcalis. F\u00e1cil de limpiar y mantener.<\/p>\n","protected":false},"excerpt":{"rendered":"<p>El funcionamiento a cremallera permite una dosificaci\u00f3n precisa. Volumen de 0 a 2 ml. Color Azul. Resistente a \u00e1cidos y \u00e1lcalis. F\u00e1cil de limpiar y mantener.<\/p>\n","protected":false},"featured_media":3949,"comment_status":"closed","ping_status":"closed","template":"","meta":[],"_links":{"self":[{"href":"https:\/\/franciscohwalz.com.ar\/W\/wp-json\/wp\/v2\/product\/7388"}],"collection":[{"href":"https:\/\/franciscohwalz.com.ar\/W\/wp-json\/wp\/v2\/product"}],"about":[{"href":"https:\/\/franciscohwalz.com.ar\/W\/wp-json\/wp\/v2\/types\/product"}],"replies":[{"embeddable":true,"href":"https:\/\/franciscohwalz.com.ar\/W\/wp-json\/wp\/v2\/comments?post=7388"}],"wp:featuredmedia":[{"embeddable":true,"href":"https:\/\/franciscohwalz.com.ar\/W\/wp-json\/wp\/v2\/media\/3949"}],"wp:attachment":[{"href":"https:\/\/franciscohwalz.com.ar\/W\/wp-json\/wp\/v2\/media?parent=7388"}],"curies":[{"name":"wp","href":"https:\/\/api.w.org\/{rel}","templated":true}]}}