{"id":7460,"date":"2020-02-12T16:02:51","date_gmt":"2020-02-12T19:02:51","guid":{"rendered":"https:\/\/franciscohwalz.com.ar\/W\/product\/columna-p-destilacion-fraccionada-c-salida-lat-vt\/"},"modified":"2026-03-20T17:13:21","modified_gmt":"2026-03-20T20:13:21","slug":"columna-p-destilacion-fraccionada-c-salida-lat-vt","status":"publish","type":"product","link":"https:\/\/franciscohwalz.com.ar\/W\/product\/columna-p-destilacion-fraccionada-c-salida-lat-vt\/","title":{"rendered":"Columna p\/destilacion fraccionada c\/salida lat. vt"},"content":{"rendered":"<p>La conexi\u00f3n de \u00e9sta columna se realiza con tapones perforados. En la parte inferior con el bal\u00f3n, en la parte superior con el term\u00f3metro y la salida lateral con el refrigerante. Tapones no incluidos.<\/p>\n","protected":false},"excerpt":{"rendered":"<p>La conexi\u00f3n de \u00e9sta columna se realiza con tapones perforados. En la parte inferior con el bal\u00f3n, en la parte superior con el term\u00f3metro y la salida lateral con el refrigerante. Tapones no incluidos.<\/p>\n","protected":false},"featured_media":3494,"comment_status":"closed","ping_status":"open","template":"","meta":[],"_links":{"self":[{"href":"https:\/\/franciscohwalz.com.ar\/W\/wp-json\/wp\/v2\/product\/7460"}],"collection":[{"href":"https:\/\/franciscohwalz.com.ar\/W\/wp-json\/wp\/v2\/product"}],"about":[{"href":"https:\/\/franciscohwalz.com.ar\/W\/wp-json\/wp\/v2\/types\/product"}],"replies":[{"embeddable":true,"href":"https:\/\/franciscohwalz.com.ar\/W\/wp-json\/wp\/v2\/comments?post=7460"}],"wp:featuredmedia":[{"embeddable":true,"href":"https:\/\/franciscohwalz.com.ar\/W\/wp-json\/wp\/v2\/media\/3494"}],"wp:attachment":[{"href":"https:\/\/franciscohwalz.com.ar\/W\/wp-json\/wp\/v2\/media?parent=7460"}],"curies":[{"name":"wp","href":"https:\/\/api.w.org\/{rel}","templated":true}]}}