{"id":7473,"date":"2020-02-12T16:03:02","date_gmt":"2020-02-12T19:03:02","guid":{"rendered":"https:\/\/franciscohwalz.com.ar\/W\/product\/erlenmeyer-de-250-ml-vidrio-termico\/"},"modified":"2026-03-20T17:13:22","modified_gmt":"2026-03-20T20:13:22","slug":"erlenmeyer-de-250-ml-vidrio-termico","status":"publish","type":"product","link":"https:\/\/franciscohwalz.com.ar\/W\/product\/erlenmeyer-de-250-ml-vidrio-termico\/","title":{"rendered":"Erlenmeyer de 250 ml vt"},"content":{"rendered":"<p>Erlenmeyer de 250 ml. Vidrio Borosilicato 3.3<br \/>\nGraduaci\u00f3n: Desde 100 ml a 250 ml, cada 50 ml.<br \/>\nDi\u00e1metro interno de la boca: 3 cm<br \/>\nDi\u00e1metro de la base: 8.3 cm<br \/>\nAltura: 14.4 cm<\/p>\n","protected":false},"excerpt":{"rendered":"<p>Erlenmeyer de 250 ml. Vidrio Borosilicato 3.3 Graduaci\u00f3n: Desde 100 ml a 250 ml, cada 50 ml. Di\u00e1metro interno de la boca: 3 cm Di\u00e1metro de la base: 8.3 cm Altura: 14.4 cm<\/p>\n","protected":false},"featured_media":3522,"comment_status":"closed","ping_status":"closed","template":"","meta":[],"_links":{"self":[{"href":"https:\/\/franciscohwalz.com.ar\/W\/wp-json\/wp\/v2\/product\/7473"}],"collection":[{"href":"https:\/\/franciscohwalz.com.ar\/W\/wp-json\/wp\/v2\/product"}],"about":[{"href":"https:\/\/franciscohwalz.com.ar\/W\/wp-json\/wp\/v2\/types\/product"}],"replies":[{"embeddable":true,"href":"https:\/\/franciscohwalz.com.ar\/W\/wp-json\/wp\/v2\/comments?post=7473"}],"wp:featuredmedia":[{"embeddable":true,"href":"https:\/\/franciscohwalz.com.ar\/W\/wp-json\/wp\/v2\/media\/3522"}],"wp:attachment":[{"href":"https:\/\/franciscohwalz.com.ar\/W\/wp-json\/wp\/v2\/media?parent=7473"}],"curies":[{"name":"wp","href":"https:\/\/api.w.org\/{rel}","templated":true}]}}